{"id":318,"date":"2026-02-13T10:32:24","date_gmt":"2026-02-13T13:32:24","guid":{"rendered":"https:\/\/hexasmart.com.br\/hexaclima\/?page_id=318"},"modified":"2026-04-08T13:19:08","modified_gmt":"2026-04-08T16:19:08","slug":"carrinho","status":"publish","type":"page","link":"https:\/\/hexasmart.com.br\/hexaclima\/carrinho\/","title":{"rendered":"Carrinho"},"content":{"rendered":"\t\t<div data-elementor-type=\"wp-page\" data-elementor-id=\"318\" class=\"elementor elementor-318\" data-elementor-post-type=\"page\">\n\t\t\t\t\t\t<section class=\"elementor-section elementor-top-section elementor-element elementor-element-7684ca3f elementor-section-content-middle elementor-section-boxed elementor-section-height-default elementor-section-height-default\" data-id=\"7684ca3f\" data-element_type=\"section\" data-e-type=\"section\" data-settings=\"{&quot;background_background&quot;:&quot;classic&quot;,&quot;shape_divider_bottom&quot;:&quot;waves&quot;,&quot;shape_divider_bottom_negative&quot;:&quot;yes&quot;}\">\n\t\t\t\t\t\t\t<div class=\"elementor-background-overlay\"><\/div>\n\t\t\t\t\t\t<div class=\"elementor-shape elementor-shape-bottom\" aria-hidden=\"true\" data-negative=\"true\">\n\t\t\t<svg xmlns=\"http:\/\/www.w3.org\/2000\/svg\" viewBox=\"0 0 1000 100\" preserveAspectRatio=\"none\">\n\t<path class=\"elementor-shape-fill\" d=\"M790.5,93.1c-59.3-5.3-116.8-18-192.6-50c-29.6-12.7-76.9-31-100.5-35.9c-23.6-4.9-52.6-7.8-75.5-5.3\n\tc-10.2,1.1-22.6,1.4-50.1,7.4c-27.2,6.3-58.2,16.6-79.4,24.7c-41.3,15.9-94.9,21.9-134,22.6C72,58.2,0,25.8,0,25.8V100h1000V65.3\n\tc0,0-51.5,19.4-106.2,25.7C839.5,97,814.1,95.2,790.5,93.1z\"\/>\n<\/svg>\t\t<\/div>\n\t\t\t\t\t<div class=\"elementor-container elementor-column-gap-default\">\n\t\t\t\t\t<div class=\"elementor-column elementor-col-50 elementor-top-column elementor-element elementor-element-7b319fbf\" data-id=\"7b319fbf\" data-element_type=\"column\" data-e-type=\"column\">\n\t\t\t<div class=\"elementor-widget-wrap elementor-element-populated\">\n\t\t\t\t\t\t<div class=\"elementor-element elementor-element-4ede90f0 elementor-invisible elementor-widget elementor-widget-heading\" data-id=\"4ede90f0\" data-element_type=\"widget\" data-e-type=\"widget\" data-settings=\"{&quot;_animation&quot;:&quot;fadeIn&quot;,&quot;_animation_delay&quot;:200}\" data-widget_type=\"heading.default\">\n\t\t\t\t\t<h1 class=\"elementor-heading-title elementor-size-default\">Carrinho<\/h1>\t\t\t\t<\/div>\n\t\t\t\t<div class=\"elementor-element elementor-element-36aa4b20 elementor-invisible elementor-widget elementor-widget-heading\" data-id=\"36aa4b20\" data-element_type=\"widget\" data-e-type=\"widget\" data-settings=\"{&quot;_animation&quot;:&quot;fadeIn&quot;,&quot;_animation_delay&quot;:400}\" data-widget_type=\"heading.default\">\n\t\t\t\t\t<h4 class=\"elementor-heading-title elementor-size-default\">Finalize seu pedido<\/h4>\t\t\t\t<\/div>\n\t\t\t\t\t<\/div>\n\t\t<\/div>\n\t\t\t\t<div class=\"elementor-column elementor-col-50 elementor-top-column elementor-element elementor-element-5b7367ed\" data-id=\"5b7367ed\" data-element_type=\"column\" data-e-type=\"column\">\n\t\t\t<div class=\"elementor-widget-wrap elementor-element-populated\">\n\t\t\t\t\t\t<div class=\"elementor-element elementor-element-3aec59ea elementor-invisible elementor-widget elementor-widget-image\" data-id=\"3aec59ea\" data-element_type=\"widget\" data-e-type=\"widget\" data-settings=\"{&quot;_animation&quot;:&quot;fadeIn&quot;,&quot;_animation_delay&quot;:800}\" data-widget_type=\"image.default\">\n\t\t\t\t\t\t\t\t\t\t\t\t\t\t\t<img fetchpriority=\"high\" decoding=\"async\" width=\"1029\" height=\"565\" src=\"https:\/\/hexasmart.com.br\/hexaclima\/wp-content\/uploads\/2026\/02\/mockup.png\" class=\"attachment-full size-full wp-image-210\" alt=\"\" srcset=\"https:\/\/hexasmart.com.br\/hexaclima\/wp-content\/uploads\/2026\/02\/mockup.png 1029w, https:\/\/hexasmart.com.br\/hexaclima\/wp-content\/uploads\/2026\/02\/mockup-600x329.png 600w, https:\/\/hexasmart.com.br\/hexaclima\/wp-content\/uploads\/2026\/02\/mockup-300x165.png 300w, https:\/\/hexasmart.com.br\/hexaclima\/wp-content\/uploads\/2026\/02\/mockup-1024x562.png 1024w, https:\/\/hexasmart.com.br\/hexaclima\/wp-content\/uploads\/2026\/02\/mockup-768x422.png 768w\" sizes=\"(max-width: 1029px) 100vw, 1029px\" \/>\t\t\t\t\t\t\t\t\t\t\t\t\t\t\t<\/div>\n\t\t\t\t<div class=\"elementor-element elementor-element-3a90f062 elementor-widget__width-initial elementor-absolute elementor-invisible elementor-widget elementor-widget-image\" data-id=\"3a90f062\" data-element_type=\"widget\" data-e-type=\"widget\" data-settings=\"{&quot;_position&quot;:&quot;absolute&quot;,&quot;_animation&quot;:&quot;zoomIn&quot;}\" data-widget_type=\"image.default\">\n\t\t\t\t\t\t\t\t\t\t\t\t\t\t\t<img decoding=\"async\" width=\"612\" height=\"408\" src=\"https:\/\/hexasmart.com.br\/hexaclima\/wp-content\/uploads\/2026\/02\/hexaclima.png\" class=\"attachment-full size-full wp-image-80\" alt=\"\" srcset=\"https:\/\/hexasmart.com.br\/hexaclima\/wp-content\/uploads\/2026\/02\/hexaclima.png 612w, https:\/\/hexasmart.com.br\/hexaclima\/wp-content\/uploads\/2026\/02\/hexaclima-600x400.png 600w, https:\/\/hexasmart.com.br\/hexaclima\/wp-content\/uploads\/2026\/02\/hexaclima-300x200.png 300w\" sizes=\"(max-width: 612px) 100vw, 612px\" \/>\t\t\t\t\t\t\t\t\t\t\t\t\t\t\t<\/div>\n\t\t\t\t\t<\/div>\n\t\t<\/div>\n\t\t\t\t\t<\/div>\n\t\t<\/section>\n\t\t\t\t<section class=\"elementor-section elementor-top-section elementor-element elementor-element-c00de71 elementor-section-boxed elementor-section-height-default elementor-section-height-default\" data-id=\"c00de71\" data-element_type=\"section\" data-e-type=\"section\">\n\t\t\t\t\t\t<div class=\"elementor-container elementor-column-gap-default\">\n\t\t\t\t\t<div class=\"elementor-column elementor-col-100 elementor-top-column elementor-element elementor-element-06285a5\" data-id=\"06285a5\" data-element_type=\"column\" data-e-type=\"column\">\n\t\t\t<div class=\"elementor-widget-wrap elementor-element-populated\">\n\t\t\t\t\t\t<section class=\"elementor-section elementor-inner-section elementor-element elementor-element-dc5bab2 elementor-section-boxed elementor-section-height-default elementor-section-height-default\" data-id=\"dc5bab2\" data-element_type=\"section\" data-e-type=\"section\">\n\t\t\t\t\t\t<div class=\"elementor-container elementor-column-gap-default\">\n\t\t\t\t\t<div class=\"elementor-column elementor-col-100 elementor-inner-column elementor-element elementor-element-aca5e1c\" data-id=\"aca5e1c\" data-element_type=\"column\" data-e-type=\"column\">\n\t\t\t<div class=\"elementor-widget-wrap elementor-element-populated\">\n\t\t\t\t\t\t\t<\/div>\n\t\t<\/div>\n\t\t\t\t\t<\/div>\n\t\t<\/section>\n\t\t\t\t\t<\/div>\n\t\t<\/div>\n\t\t\t\t\t<\/div>\n\t\t<\/section>\n\t\t\t\t<\/div>\n\t\t","protected":false},"excerpt":{"rendered":"<p>Carrinho Finalize seu pedido Remover item Imagem de miniatura Produto Pre\u00e7o Quantidade Subtotal &times; Teste de loja &#82;&#36;&nbsp;10,00 Teste de loja quantidade &#82;&#36;&nbsp;10,00 Aplicar cupom Total no carrinho Subtotal &#82;&#36;&nbsp;10,00 Shipment Retirada no local Entrega para Rua Anita Stella 461, Bloco 1 Ap 64, S\u00e3o Carlos, S\u00e3o Paulo, 13566-447. Mudar endere\u00e7o Pa\u00eds \/ regi\u00e3o Selecione [&hellip;]<\/p>\n","protected":false},"author":1,"featured_media":0,"parent":0,"menu_order":0,"comment_status":"closed","ping_status":"closed","template":"elementor_header_footer","meta":{"footnotes":""},"class_list":["post-318","page","type-page","status-publish","hentry"],"_links":{"self":[{"href":"https:\/\/hexasmart.com.br\/hexaclima\/wp-json\/wp\/v2\/pages\/318","targetHints":{"allow":["GET"]}}],"collection":[{"href":"https:\/\/hexasmart.com.br\/hexaclima\/wp-json\/wp\/v2\/pages"}],"about":[{"href":"https:\/\/hexasmart.com.br\/hexaclima\/wp-json\/wp\/v2\/types\/page"}],"author":[{"embeddable":true,"href":"https:\/\/hexasmart.com.br\/hexaclima\/wp-json\/wp\/v2\/users\/1"}],"replies":[{"embeddable":true,"href":"https:\/\/hexasmart.com.br\/hexaclima\/wp-json\/wp\/v2\/comments?post=318"}],"version-history":[{"count":3,"href":"https:\/\/hexasmart.com.br\/hexaclima\/wp-json\/wp\/v2\/pages\/318\/revisions"}],"predecessor-version":[{"id":702,"href":"https:\/\/hexasmart.com.br\/hexaclima\/wp-json\/wp\/v2\/pages\/318\/revisions\/702"}],"wp:attachment":[{"href":"https:\/\/hexasmart.com.br\/hexaclima\/wp-json\/wp\/v2\/media?parent=318"}],"curies":[{"name":"wp","href":"https:\/\/api.w.org\/{rel}","templated":true}]}}