{"id":653,"date":"2026-04-02T15:32:15","date_gmt":"2026-04-02T18:32:15","guid":{"rendered":"https:\/\/hexasmart.com.br\/hexaclima\/?post_type=product&#038;p=653"},"modified":"2026-04-16T08:56:30","modified_gmt":"2026-04-16T11:56:30","slug":"hexa-clima-escola","status":"publish","type":"product","link":"https:\/\/hexasmart.com.br\/hexaclima\/produto\/hexa-clima-escola\/","title":{"rendered":"Hexa Clima Escola"},"content":{"rendered":"<p><strong>Hexa Clima \u2013 Mais que uma esta\u00e7\u00e3o meteorol\u00f3gica<\/strong><\/p>\n<p>O Hexa Clima \u00e9 uma esta\u00e7\u00e3o meteorol\u00f3gica modular desenvolvida para monitoramento ambiental inteligente, com coleta autom\u00e1tica de dados e integra\u00e7\u00e3o direta \u00e0 plataforma online HexaCloud.<\/p>\n<p>Com tecnologia 100% nacional, a solu\u00e7\u00e3o foi projetada para atender escolas, universidades, projetos cient\u00edficos, propriedades rurais e \u00f3rg\u00e3os p\u00fablicos que buscam dados clim\u00e1ticos locais confi\u00e1veis e em tempo real.<\/p>\n<p><strong>Monitoramento em tempo real<\/strong><\/p>\n<p>A esta\u00e7\u00e3o realiza leituras a cada minuto e envia automaticamente os dados para o dashboard online, permitindo:<\/p>\n<ul>\n<li>Visualiza\u00e7\u00e3o em tempo real<\/li>\n<li>Acesso ao hist\u00f3rico de dados<\/li>\n<li>Gr\u00e1ficos individuais por vari\u00e1vel<\/li>\n<li>Configura\u00e7\u00e3o de alertas clim\u00e1ticos<\/li>\n<\/ul>\n<p>&nbsp;<\/p>\n<p><strong>Sensores integrados no kit<\/strong><\/p>\n<p>O Kit Hexa Clima (Escola) inclui:<\/p>\n<ul>\n<li>Controladora Hexa Hub<\/li>\n<li>Sensor de velocidade do vento (anem\u00f4metro)<\/li>\n<li>Sensor de dire\u00e7\u00e3o do vento (anem\u00f3sc\u00f3pio)<\/li>\n<li>Sensor de umidade, temperatura, press\u00e3o e CO\u2082 equivalente<\/li>\n<li>Sensor de radia\u00e7\u00e3o ultravioleta<\/li>\n<li>Sensor de luminosidade<\/li>\n<li>Sensor pluviom\u00e9trico (pluvi\u00f4metro)<\/li>\n<li>Hex\u00e1gono suporte para sensores (montado com travas, IoT 3D)<\/li>\n<li>2 suporte ABS cinza para instala\u00e7\u00e3o do pluvi\u00f4metro (5 m)<\/li>\n<li>Cabo de dados USB-C (1 m, AM x tipo-C)<\/li>\n<li>Cabo extensor IoT (3 m)<\/li>\n<li>Cabo extensor IoT (5 m)<\/li>\n<li>Cabo extensor tipo Y IoT (1 m)<\/li>\n<li>Carregador KC9A tipo micro-USB (com cabo)<\/li>\n<\/ul>\n<p>&nbsp;<\/p>\n<p><strong>Ideal para\u00a0<\/strong><\/p>\n<ul>\n<li>Projetos educacionais e interdisciplinares<\/li>\n<\/ul>\n<p>&nbsp;<\/p>\n<p><strong>Tecnologia acess\u00edvel e vers\u00e1til<\/strong><\/p>\n<p>O Hexa Clima foi desenvolvida para ser de f\u00e1cil instala\u00e7\u00e3o e adapt\u00e1vel a diferentes ambientes, podendo ser instalada em resid\u00eancias, escolas, pr\u00e9dios p\u00fablicos ou propriedades rurais.<\/p>\n<p>Uma solu\u00e7\u00e3o completa para quem deseja transformar dados clim\u00e1ticos em conhecimento, preven\u00e7\u00e3o e tomada de decis\u00e3o.<\/p>\n","protected":false},"excerpt":{"rendered":"<p>A Hexa Clima \u00e9 uma esta\u00e7\u00e3o meteorol\u00f3gica modular, com sensores integrados e envio de dados em tempo real para a plataforma HexaCloud. Desenvolvida com tecnologia 100% nacional, \u00e9 ideal para educa\u00e7\u00e3o, pesquisa, monitoramento ambiental, agricultura e gest\u00e3o p\u00fablica.<\/p>\n","protected":false},"featured_media":656,"comment_status":"open","ping_status":"closed","template":"","meta":[],"product_brand":[],"product_cat":[20],"product_tag":[],"class_list":{"0":"post-653","1":"product","2":"type-product","3":"status-publish","4":"has-post-thumbnail","6":"product_cat-sem-categoria","8":"first","9":"instock","10":"sale","11":"shipping-taxable","12":"purchasable","13":"product-type-simple"},"_links":{"self":[{"href":"https:\/\/hexasmart.com.br\/hexaclima\/wp-json\/wp\/v2\/product\/653","targetHints":{"allow":["GET"]}}],"collection":[{"href":"https:\/\/hexasmart.com.br\/hexaclima\/wp-json\/wp\/v2\/product"}],"about":[{"href":"https:\/\/hexasmart.com.br\/hexaclima\/wp-json\/wp\/v2\/types\/product"}],"replies":[{"embeddable":true,"href":"https:\/\/hexasmart.com.br\/hexaclima\/wp-json\/wp\/v2\/comments?post=653"}],"wp:featuredmedia":[{"embeddable":true,"href":"https:\/\/hexasmart.com.br\/hexaclima\/wp-json\/wp\/v2\/media\/656"}],"wp:attachment":[{"href":"https:\/\/hexasmart.com.br\/hexaclima\/wp-json\/wp\/v2\/media?parent=653"}],"wp:term":[{"taxonomy":"product_brand","embeddable":true,"href":"https:\/\/hexasmart.com.br\/hexaclima\/wp-json\/wp\/v2\/product_brand?post=653"},{"taxonomy":"product_cat","embeddable":true,"href":"https:\/\/hexasmart.com.br\/hexaclima\/wp-json\/wp\/v2\/product_cat?post=653"},{"taxonomy":"product_tag","embeddable":true,"href":"https:\/\/hexasmart.com.br\/hexaclima\/wp-json\/wp\/v2\/product_tag?post=653"}],"curies":[{"name":"wp","href":"https:\/\/api.w.org\/{rel}","templated":true}]}}