{"id":655,"date":"2026-04-02T15:35:49","date_gmt":"2026-04-02T18:35:49","guid":{"rendered":"https:\/\/hexasmart.com.br\/hexaclima\/?post_type=product&#038;p=655"},"modified":"2026-04-16T08:55:03","modified_gmt":"2026-04-16T11:55:03","slug":"hexa-clima-aluno","status":"publish","type":"product","link":"https:\/\/hexasmart.com.br\/hexaclima\/produto\/hexa-clima-aluno\/","title":{"rendered":"Hexa Clima Aluno"},"content":{"rendered":"<p><strong>Hexa Clima \u2013 Mais que uma esta\u00e7\u00e3o meteorol\u00f3gica<\/strong><\/p>\n<p>O Hexa Clima \u00e9 uma esta\u00e7\u00e3o meteorol\u00f3gica modular desenvolvida para monitoramento ambiental inteligente, com coleta autom\u00e1tica de dados e integra\u00e7\u00e3o direta \u00e0 plataforma online HexaCloud.<\/p>\n<p>Com tecnologia 100% nacional, a solu\u00e7\u00e3o foi projetada para atender escolas, universidades, projetos cient\u00edficos, propriedades rurais e \u00f3rg\u00e3os p\u00fablicos que buscam dados clim\u00e1ticos locais confi\u00e1veis e em tempo real.<\/p>\n<p><strong>Monitoramento em tempo real<\/strong><\/p>\n<p>A esta\u00e7\u00e3o realiza leituras a cada minuto e envia automaticamente os dados para o dashboard online, permitindo:<\/p>\n<ul>\n<li>Visualiza\u00e7\u00e3o em tempo real<\/li>\n<li>Acesso ao hist\u00f3rico de dados<\/li>\n<li>Gr\u00e1ficos individuais por vari\u00e1vel<\/li>\n<li>Configura\u00e7\u00e3o de alertas clim\u00e1ticos<\/li>\n<\/ul>\n<p>&nbsp;<\/p>\n<p><strong>Sensores integrados no kit<\/strong><\/p>\n<p>O Kit Hexa Clima B\u00e1sico inclui:<\/p>\n<ul>\n<li data-section-id=\"1j4ra2l\" data-start=\"160\" data-end=\"185\">Controladora Hexa Hub<\/li>\n<li data-section-id=\"1obahz3\" data-start=\"186\" data-end=\"232\">Sensor de velocidade do vento (anem\u00f4metro)<\/li>\n<li data-section-id=\"1gxycj\" data-start=\"233\" data-end=\"277\">Sensor de dire\u00e7\u00e3o do vento (anem\u00f3sc\u00f3pio)<\/li>\n<li data-section-id=\"3zvzhn\" data-start=\"278\" data-end=\"339\">Sensor de umidade, temperatura, press\u00e3o e CO\u2082 equivalente<\/li>\n<li data-section-id=\"1dkz8yh\" data-start=\"340\" data-end=\"375\">Sensor de radia\u00e7\u00e3o ultravioleta<\/li>\n<li data-section-id=\"xjnet9\" data-start=\"376\" data-end=\"402\">Sensor de luminosidade<\/li>\n<li data-section-id=\"lei9cn\" data-start=\"403\" data-end=\"469\">Sensor pluviom\u00e9trico did\u00e1tico (pluvi\u00f4metro lateral aberto)<\/li>\n<li data-section-id=\"15u3kmt\" data-start=\"502\" data-end=\"565\">Hex\u00e1gono suporte para sensores (montado com travas, IoT 3D)<\/li>\n<li data-section-id=\"16wnp20\" data-start=\"600\" data-end=\"642\">Cabo de dados USB-C (1 m, AM x tipo-C)<\/li>\n<li data-section-id=\"nisphi\" data-start=\"643\" data-end=\"670\">Cabo extensor IoT (3 m)<\/li>\n<li data-section-id=\"ot85s0\" data-start=\"671\" data-end=\"698\">Cabo extensor IoT (5 m)<\/li>\n<li data-section-id=\"zs89bz\" data-start=\"699\" data-end=\"733\">Cabo extensor tipo Y IoT (1 m)<\/li>\n<li data-section-id=\"ef4jku\" data-start=\"758\" data-end=\"803\">Carregador KC9A tipo micro-USB (com cabo)<\/li>\n<li data-section-id=\"n5thu5\" data-start=\"804\" data-end=\"846\">Controladora adicional: Hexa Power<\/li>\n<li data-section-id=\"eqgey2\" data-start=\"901\" data-end=\"934\">Caixa papel\u00e3o correio pequena<\/li>\n<li data-section-id=\"199vu92\" data-start=\"935\" data-end=\"977\">Cinta envolt\u00f3ria Hexa Clima (completo)<\/li>\n<\/ul>\n<p>&nbsp;<\/p>\n<p><strong>Ideal para<\/strong><\/p>\n<ul>\n<li>Projetos educacionais e interdisciplinares<\/li>\n<\/ul>\n<p>&nbsp;<\/p>\n<p><strong>Tecnologia acess\u00edvel e vers\u00e1til<\/strong><\/p>\n<p>O Hexa Clima foi desenvolvida para ser de f\u00e1cil instala\u00e7\u00e3o e adapt\u00e1vel a diferentes ambientes, podendo ser instalada em resid\u00eancias, escolas, pr\u00e9dios p\u00fablicos ou propriedades rurais.<\/p>\n<p>Uma solu\u00e7\u00e3o completa para quem deseja transformar dados clim\u00e1ticos em conhecimento, preven\u00e7\u00e3o e tomada de decis\u00e3o.<\/p>\n","protected":false},"excerpt":{"rendered":"<p>A Hexa Clima \u00e9 uma esta\u00e7\u00e3o meteorol\u00f3gica modular, com sensores integrados e envio de dados em tempo real para a plataforma HexaCloud. Desenvolvida com tecnologia 100% nacional, \u00e9 ideal para educa\u00e7\u00e3o, pesquisa, monitoramento ambiental, agricultura e gest\u00e3o p\u00fablica.<\/p>\n","protected":false},"featured_media":658,"comment_status":"open","ping_status":"closed","template":"","meta":[],"product_brand":[],"product_cat":[20],"product_tag":[],"class_list":{"0":"post-655","1":"product","2":"type-product","3":"status-publish","4":"has-post-thumbnail","6":"product_cat-sem-categoria","8":"first","9":"instock","10":"sale","11":"shipping-taxable","12":"purchasable","13":"product-type-simple"},"_links":{"self":[{"href":"https:\/\/hexasmart.com.br\/hexaclima\/wp-json\/wp\/v2\/product\/655","targetHints":{"allow":["GET"]}}],"collection":[{"href":"https:\/\/hexasmart.com.br\/hexaclima\/wp-json\/wp\/v2\/product"}],"about":[{"href":"https:\/\/hexasmart.com.br\/hexaclima\/wp-json\/wp\/v2\/types\/product"}],"replies":[{"embeddable":true,"href":"https:\/\/hexasmart.com.br\/hexaclima\/wp-json\/wp\/v2\/comments?post=655"}],"wp:featuredmedia":[{"embeddable":true,"href":"https:\/\/hexasmart.com.br\/hexaclima\/wp-json\/wp\/v2\/media\/658"}],"wp:attachment":[{"href":"https:\/\/hexasmart.com.br\/hexaclima\/wp-json\/wp\/v2\/media?parent=655"}],"wp:term":[{"taxonomy":"product_brand","embeddable":true,"href":"https:\/\/hexasmart.com.br\/hexaclima\/wp-json\/wp\/v2\/product_brand?post=655"},{"taxonomy":"product_cat","embeddable":true,"href":"https:\/\/hexasmart.com.br\/hexaclima\/wp-json\/wp\/v2\/product_cat?post=655"},{"taxonomy":"product_tag","embeddable":true,"href":"https:\/\/hexasmart.com.br\/hexaclima\/wp-json\/wp\/v2\/product_tag?post=655"}],"curies":[{"name":"wp","href":"https:\/\/api.w.org\/{rel}","templated":true}]}}